{"id":10350,"date":"2019-09-30T11:09:24","date_gmt":"2019-09-30T09:09:24","guid":{"rendered":"http:\/\/marciszewski.eu\/?page_id=10350"},"modified":"2020-01-10T10:38:00","modified_gmt":"2020-01-10T09:38:00","slug":"sztuczna-inteligencja-w-zastosowaniach-2019-20","status":"publish","type":"page","link":"https:\/\/marciszewski.eu\/?page_id=10350","title":{"rendered":"Sztuczna inteligencja w zastosowaniach (2019\/20)"},"content":{"rendered":"<p style=\"text-align: justify;\">Strona zawiera materia\u0142y dydaktyczne do przedmiotu &#8222;Sztuczna inteligencja w zastosowaniach&#8221;, kt\u00f3ry jest prowadzony na wydziale WAiNS PW. W dziale WPROWADZENIE znajduj\u0105 si\u0119 informacje i materia\u0142y wst\u0119pne, kt\u00f3re warto przeczyta\u0107 po pierwszych zaj\u0119ciach. W dziale ZAGADNIENIA s\u0105 zestawione tematy kolejnych spotka\u0144 &#8211; wraz z tekstami do dyskusji oraz pytaniami, kt\u00f3re warto przemy\u015ble\u0107 przed zaj\u0119ciami.<\/p>\n<p><span style=\"color: #800000;\"><strong>I. WPROWADZENIE<\/strong><\/span><\/p>\n<p>\u25ca\u00a0 <a href=\"http:\/\/stac.calculemus.org\/pdf\/SI-Zast-2019\/SI-Zast-2019-zasady_i_tematy.pdf\" target=\"_blank\" rel=\"noopener noreferrer\"> Informacje o przedmiocie<\/a> (charakter zaj\u0119\u0107, tematyka, zaliczenie)<br \/>\n\u2666\u00a0 <a href=\"http:\/\/stac.calculemus.org\/pdf\/EFiMI-2016\/UKS-esej3-Czy-istnieje-SI.pdf\" target=\"_blank\" rel=\"noopener noreferrer\"> Czy istnieje sztuczna inteligencja?<\/a> (tekst P. Stacewicza)<\/p>\n<p><span style=\"color: #800000;\"><strong>II. KOLEJNE SPOTKANIA<\/strong><\/span><\/p>\n<p><strong>1) Wsp\u00f3\u0142czesne badania nad SI \u2013 wprowadzenie<\/strong><\/p>\n<p>\u2666\u00a0 <a href=\"http:\/\/stac.calculemus.org\/pdf\/EFiMI-2016\/R2_W_strone_sztucznych_systemow_inteligentnych.pdf\" target=\"_blank\" rel=\"noopener noreferrer\">W stron\u0119 sztucznych system\u00f3w inteligentnych<\/a> (rozdzia\u0142 z ksi\u0105\u017cki P. Stacewicza)<br \/>\n\u2666\u00a0 <a href=\"http:\/\/stac.calculemus.org\/pdf\/SI-Zast-2018\/SI-Zast-2018-wprowadzenie.pdf\" target=\"_blank\" rel=\"noopener noreferrer\"> Slajdy pokazywane na zaj\u0119ciach<\/a><\/p>\n<p><strong>2) Metody reprezentacji wiedzy w systemach SI<\/strong><br \/>\n<strong>&#8212;<\/strong> Wst\u0119pne odpowiedzi na pytania (mog\u0105 by\u0107 slajdy) prosz\u0119 przes\u0142a\u0107 2 dni przed zaj\u0119ciami<\/p>\n<p>\u2666\u00a0 <a href=\"http:\/\/stac.calculemus.org\/pdf\/SI-Zast-2019\/SI-Zast-2019--Pytania_1--Metody-reprezentacji-wiedzy.pdf\" target=\"_blank\" rel=\"noopener noreferrer\"> Pytania do tematu<\/a><br \/>\n\u2666\u00a0 <a href=\"http:\/\/stac.calculemus.org\/pdf\/SI-2017\/Nalepa-Metody-repr-wiedzy.pdf\" target=\"_blank\" rel=\"noopener noreferrer\">Sztuczne systemy oparte na wiedzy<\/a> (tekst T. Nalepy)<br \/>\n\u2666\u00a0 <a href=\"http:\/\/www.imio.polsl.pl\/Dopobrania\/InzW_W_MetReprWiedzy.pdf\" target=\"_blank\" rel=\"noopener noreferrer\">Metody reprezentacji wiedzy<\/a> (ciekawy materia\u0142 z sieci)<br \/>\n\u25ca\u00a0 <a href=\"http:\/\/stac.calculemus.org\/pdf\/SI-Zast-2019\/Metody-reprezentacji-wiedzy-2019-opracowania student\u00f3w.docx\" target=\"_blank\" rel=\"noopener noreferrer\"> Opracowania student\u00f3w dziennych<\/a> (plik w formacie doc)<\/p>\n<p><strong>3) Systemy eksperckie<\/strong><\/p>\n<p>\u2666\u00a0 <a href=\"http:\/\/stac.calculemus.org\/pdf\/SI-Zast-2018\/SI-Zast-2018--Pytania_2--Systemy eksperckie.pdf\" target=\"_blank\" rel=\"noopener noreferrer\"> Pytania do tematu<\/a><br \/>\n\u2666\u00a0 <a href=\"http:\/\/stac.calculemus.org\/pdf\/SI-2017\/Mulawka-Wstepnie-o-SE.pdf\" target=\"_blank\" rel=\"noopener noreferrer\">Podstawowe informacje o SE<\/a> (rozdzia\u0142 z ksi\u0105\u017cki J. Mulawki)<br \/>\n\u2666\u00a0 <a href=\"http:\/\/mariusz.makuchowski.staff.iiar.pwr.wroc.pl\/download\/courses\/komputerowe.wspomaganie.zarzadzania\/wyk.slajdy\/wyk05.eksperckie.pdf\" target=\"_blank\" rel=\"noopener noreferrer\">SE w zarz\u0105dzaniu<\/a> (ciekawy materia\u0142 z sieci)<\/p>\n<p><strong>4) Zastosowania system\u00f3w eksperckich (g\u0142\u00f3wnie w administracji i wojsku)<\/strong><\/p>\n<p><strong>!!!<\/strong> Temat nale\u017cy opracowa\u0107 na podstawie w\u0142asnych poszukiwa\u0144 w Internecie<br \/>\n&#8212; Poni\u017cej fragmenty licencjat\u00f3w dot. SE<br \/>\n\u2666 \u00a0 <a href=\"http:\/\/stac.calculemus.org\/pdf\/SI-2017\/Zastosowania-SE-w-syst-obronnych-N-Wroblewska.pdf\" target=\"_blank\" rel=\"noopener noreferrer\">Zastosowania SE w systemach obronnych<\/a> (fragment licencjatu p. Wr\u00f3blewskiej)<br \/>\n\u2666 \u00a0 <a href=\"http:\/\/stac.calculemus.org\/pdf\/SI-Zast-2019\/Fragment pracy licencjackiej Pana Adama Nowaka z roku 2019.pdf\" target=\"_blank\" rel=\"noopener noreferrer\">Zastosowania SE w administracji<\/a> (fragment licencjatu p. Nowaka)<br \/>\n\u25ca \u00a0 <a href=\"http:\/\/stac.calculemus.org\/pdf\/SI-Zast-2019\/Prezentacja-stud-Gajewska-Kiliszek-Zastosowanie system\u00f3w eksperckich w administracji.pptx\" target=\"_blank\" rel=\"noopener noreferrer\"> Opracowania student\u00f3w dziennych<\/a> (plik w formacie doc)<\/p>\n<p><strong>5) Sztuczne sieci neuronowe<\/strong><\/p>\n<p>\u2666 \u00a0 <a href=\"http:\/\/stac.calculemus.org\/pdf\/SI-Zast-2018\/SI-Zast-2018--Pytania_3--Sztuczne-sieci-neuronowe.pdf\" target=\"_blank\" rel=\"noopener noreferrer\">Pytania do tematu<\/a><br \/>\n<span style=\"color: #ff0000;\"><strong>!!!<\/strong><\/span> Poni\u017cej s\u0105 teksty pomocnicze; najwa\u017cniejsze: pierwszy i trzeci.<br \/>\n\u2666 \u00a0 <a href=\"http:\/\/stac.calculemus.org\/pdf\/SI-2017\/Stacewicz---fragment-ksi\u0105\u017cki-SSN.pdf\" target=\"_blank\" rel=\"noopener noreferrer\">Koneksyjne techniki przetwarzania danych<\/a> (fragment ksi\u0105\u017cki P. Stacewicza)<br \/>\n\u25ca \u00a0 <a href=\"http:\/\/stac.calculemus.org\/pdf\/SI-2017\/Tadeusiewicz-Sieci_neuronowe_fragmenty-z_przewodnika_po_kogn.pdf\" target=\"_blank\" rel=\"noopener noreferrer\">Sztuczne sieci neuronowe &#8211; wprowadzenie<\/a> (fragmenty artyku\u0142u R. Tadeusiewicza)<br \/>\n\u25ca \u00a0 <a href=\"http:\/\/stac.calculemus.org\/pdf\/SI-2018\/SSN-Bialynicka-Birula.pdf\" target=\"_blank\" rel=\"noopener noreferrer\">Sieci neuronowe<\/a> (tekst I. Bia\u0142ynickiej-Biruli)<\/p>\n<p><strong>6) Zastosowania sztucznych sieci neuronowych (g\u0142\u00f3wnie w administracji i wojsku)<\/strong><\/p>\n<p><strong>!!!<\/strong> Temat nale\u017cy opracowa\u0107 na podstawie w\u0142asnych poszukiwa\u0144 w Internecie<br \/>\n&#8212; Poni\u017cej pewien tekst dot. zastosowa\u0144 w wojsku<br \/>\n\u2666 \u00a0 <a href=\"http:\/\/stac.calculemus.org\/pdf\/SI-2017\/Zastosowania-SSN-w-syst-obronnych-N-Wroblewska.pdf\" target=\"_blank\" rel=\"noopener noreferrer\">Zastosowania SSN w systemach obronnych<\/a> (fragment licencjatu p. Wr\u00f3blewskiej)<\/p>\n<p><strong>7) Algorytmy genetyczne (podstawy i zastosowania)<br \/>\n<\/strong><\/p>\n<p>\u2666\u00a0 <a href=\"http:\/\/stac.calculemus.org\/pdf\/SI-Zast-2018\/SI-Zast-2018--Pytania_4--Algortmy-genetyczne.pdf\" target=\"_blank\" rel=\"noopener noreferrer\">Pytania do tematu<\/a> (dot. podstaw AG, 1 grupa student\u00f3w)<br \/>\n<span style=\"color: #ff0000;\"><strong>!!!<\/strong><\/span> Poni\u017cej podaj\u0119 teksty pomocnicze; mo\u017cna oczywi\u015bcie korzysta\u0107 z innych.<br \/>\n\u2666\u00a0 <a href=\"http:\/\/stac.calculemus.org\/pdf\/KaLU-2016\/E8_Czy_roboty_przysz\u0142o\u015bci_bed\u0105_ewoluowa\u0107.pdf\" target=\"_blank\" rel=\"noopener noreferrer\">Czy roboty przysz\u0142o\u015bci b\u0119d\u0105 ewoluowa\u0107?<\/a> (esej P. Stacewicza)<br \/>\n\u25ca\u00a0 <a href=\"http:\/\/stac.calculemus.org\/pdf\/SI-2017\/Algorytmy-genetyczne-fragment-UaMMU.pdf\" target=\"_blank\" rel=\"noopener noreferrer\">Algorytmy genetyczne<\/a> (fragment ksi\u0105\u017cki P. Stacewicza)<br \/>\n\u2666\u00a0 Zastosowania algorytm\u00f3w genetycznych nale\u017cy opracowa\u0107 na podstawie samodzielnych poszukiwa\u0107 w literaturze lub internecie<\/p>\n<p><strong><span style=\"color: #ff0000;\">!!!<\/span>\u00a0 PREZENTACJE studentek\/\u00f3w studi\u00f3w zaocznych<\/strong><\/p>\n<p>\u2666 \u00a0 <a href=\"http:\/\/stac.calculemus.org\/pdf\/SI-Zast-2019\/Zaoczne-prezentacje\/Metody reprezentacji wiedzy-2.pptx\" target=\"_blank\" rel=\"noopener noreferrer\">Metody reprezentacji wiedzy<\/a><br \/>\n\u2666 \u00a0 <a href=\"http:\/\/stac.calculemus.org\/pdf\/SI-Zast-2019\/Zaoczne-prezentacje\/Systemy-eksperckie-prezentacja-RJMA.pptx\" target=\"_blank\" rel=\"noopener noreferrer\">Systemy eksperckie<\/a><br \/>\n\u2666 \u00a0 <a href=\"http:\/\/stac.calculemus.org\/pdf\/SI-Zast-2019\/Zaoczne-prezentacje\/Algorytmy-genetyczne.pptx\" target=\"_blank\" rel=\"noopener noreferrer\">Algorytmy genetyczne<\/a><br \/>\n\u2666 \u00a0 <a href=\"http:\/\/stac.calculemus.org\/pdf\/SI-Zast-2019\/Zaoczne-prezentacje\/Sosnowska-Krawczyk--sztuczna-intelinegcja.pptx\" target=\"_blank\" rel=\"noopener noreferrer\">Sztuczne sieci neuronowe<\/a><\/p>\n<p><strong><span style=\"color: #ff0000;\">!!!<\/span> PRZED TESTEM<\/strong><\/p>\n<p>Przed testem proponuj\u0119, aby\u015bcie sporz\u0105dzili Pa\u0144stwo, indywidualnie lub grupowo, SIE\u0106 SEMANTYCZN\u0104 obejmuj\u0105c\u0105 poj\u0119cia zawarte w poni\u017cszym pliku.<\/p>\n<p>\u2666 \u00a0 <a href=\"http:\/\/stac.calculemus.org\/pdf\/SI-Zast-2019\/SI_Zast_Przed-sprawdzianem-glowne-pojecia-2019-20.pdf\" target=\"_blank\" rel=\"noopener noreferrer\">Kluczowe poj\u0119cia do testu<\/a><\/p>\n","protected":false},"excerpt":{"rendered":"<p>Strona zawiera materia\u0142y dydaktyczne do przedmiotu &#8222;Sztuczna inteligencja w zastosowaniach&#8221;, kt\u00f3ry jest prowadzony na wydziale WAiNS PW. W dziale WPROWADZENIE znajduj\u0105 si\u0119 informacje i materia\u0142y wst\u0119pne, kt\u00f3re warto przeczyta\u0107 po pierwszych zaj\u0119ciach. W dziale ZAGADNIENIA s\u0105 zestawione tematy kolejnych spotka\u0144 &hellip; <a href=\"https:\/\/marciszewski.eu\/?page_id=10350\">Czytaj dalej <span class=\"meta-nav\">&rarr;<\/span><\/a><\/p>\n","protected":false},"author":3,"featured_media":0,"parent":0,"menu_order":0,"comment_status":"closed","ping_status":"closed","template":"","meta":{"footnotes":""},"class_list":["post-10350","page","type-page","status-publish","hentry"],"_links":{"self":[{"href":"https:\/\/marciszewski.eu\/index.php?rest_route=\/wp\/v2\/pages\/10350","targetHints":{"allow":["GET"]}}],"collection":[{"href":"https:\/\/marciszewski.eu\/index.php?rest_route=\/wp\/v2\/pages"}],"about":[{"href":"https:\/\/marciszewski.eu\/index.php?rest_route=\/wp\/v2\/types\/page"}],"author":[{"embeddable":true,"href":"https:\/\/marciszewski.eu\/index.php?rest_route=\/wp\/v2\/users\/3"}],"replies":[{"embeddable":true,"href":"https:\/\/marciszewski.eu\/index.php?rest_route=%2Fwp%2Fv2%2Fcomments&post=10350"}],"version-history":[{"count":16,"href":"https:\/\/marciszewski.eu\/index.php?rest_route=\/wp\/v2\/pages\/10350\/revisions"}],"predecessor-version":[{"id":11835,"href":"https:\/\/marciszewski.eu\/index.php?rest_route=\/wp\/v2\/pages\/10350\/revisions\/11835"}],"wp:attachment":[{"href":"https:\/\/marciszewski.eu\/index.php?rest_route=%2Fwp%2Fv2%2Fmedia&parent=10350"}],"curies":[{"name":"wp","href":"https:\/\/api.w.org\/{rel}","templated":true}]}}