{"id":10550,"date":"2020-02-24T11:56:18","date_gmt":"2020-02-24T10:56:18","guid":{"rendered":"http:\/\/marciszewski.eu\/?page_id=10550"},"modified":"2022-05-12T03:53:20","modified_gmt":"2022-05-12T01:53:20","slug":"spoleczenstwo-informacji-i-wiedzy-2020","status":"publish","type":"page","link":"https:\/\/marciszewski.eu\/?page_id=10550","title":{"rendered":"Spo\u0142ecze\u0144stwo informacji i wiedzy (2020)"},"content":{"rendered":"<p style=\"text-align: justify\">Strona zawiera materia\u0142y dydaktyczne do seminarium &#8222;Spo\u0142ecze\u0144stwo informacji i wiedzy&#8221;, kt\u00f3re jest prowadzone na wydziale WEiTI PW. <a href='https:\/\/estudiodarezzo.com\/minicursotc\/9w4qbgp3\/'>do you have to refrigerate ivermectin 1%<\/a>  W dziale WPROWADZENIE znajduj\u0105 si\u0119 informacje i materia\u0142y wst\u0119pne, kt\u00f3re warto przeczyta\u0107 po pierwszych zaj\u0119ciach. W dziale ZAGADNIENIA s\u0105 zestawione tematy kolejnych spotka\u0144 &#8211; wraz z tekstami do dyskusji oraz pytaniami, kt\u00f3re warto przemy\u015ble\u0107 przed zaj\u0119ciami. <a href='https:\/\/pisga-binyamin.org.il\/3jq223hswan\/'>ivermectina como tomarla para los piojos<\/a> <\/p>\n<p><span style=\"color: #800000\"><strong>I. WPROWADZENIE<\/strong><\/span><\/p>\n<p>\u25ca\u00a0 <a href=\"http:\/\/stac.calculemus.org\/pdf\/SIW-2020\/SIW-2020-zasady_i_tematy.pdf\" target=\"_blank\" rel=\"noopener noreferrer\">Informacje o przedmiocie<\/a> (charakter zaj\u0119\u0107, tematyka, zaliczenie)<br \/>\n\u2666\u00a0 <a href=\"http:\/\/stac.calculemus.org\/pdf\/Dyskusja_o_informacji.pdf\">O poj\u0119ciu informacji<\/a> (tekst z ksi\u0105\u017cki P. Stacewicza)<\/p>\n<p><span style=\"color: #800000\"><strong>II. ZAGADNIENIA <\/strong><\/span>(omawiane na kolejnych spotkaniach)<\/p>\n<p><strong>1) Wst\u0119p. Poj\u0119cie informacji we wsp\u00f3\u0142czesnej kulturze<\/strong><\/p>\n<p>\u25ca\u00a0\u00a0<a href=\"http:\/\/stac.calculemus.org\/pdf\/Dyskusja_o_informacji.pdf\">Dyskusyjnie o informacji<\/a> (tekst z ksi\u0105\u017cki P. Stacewicza)<br \/>\n\u25ca\u00a0 <a href=\"http:\/\/stac.calculemus.org\/pdf\/FiTE-2019-20\/Tworak-o-informacji--z-ksiazki-informacja-wiedza-logika--wyciag-dla-studentow.pdf\" target=\"_blank\" rel=\"noopener noreferrer\">O poj\u0119ciu informacji<\/a> (tekst z ksi\u0105\u017cki K. Tworaka)<\/p>\n<p><strong>2) Informacja a wiedza<\/strong><\/p>\n<p>\u25ca\u00a0 <a href=\"http:\/\/stac.calculemus.org\/pdf\/SIW-2016\/SIW-2016-pytania-1.pdf\" target=\"_blank\" rel=\"noopener noreferrer\">Pytania kierunkuj\u0105ce dyskusj\u0119<\/a><br \/>\n\u2666\u00a0 <a href=\"http:\/\/stac.calculemus.org\/pdf\/Dyskusja_o_informacji.pdf\">O poj\u0119ciu informacji<\/a> (tekst z ksi\u0105\u017cki P. Stacewicza)<br \/>\n\u2666\u00a0 <a href=\"http:\/\/marciszewski.eu\/?p=7913\">Informacyjna piramida<\/a> (dyskusja w blogu)<\/p>\n<p><strong>3) Era informatyczna, spo\u0142ecze\u0144stwo informacyjne&#8230;<\/strong><br \/>\n&#8230;.. i inne okre\u015blenia naszych czas\u00f3w<\/p>\n<p>\u2666\u00a0 <a href=\"http:\/\/stac.calculemus.org\/pdf\/EFiMI-2016\/Spoleczenstwo_informacyjne--A.Sicinski.pdf\" target=\"_blank\" rel=\"noopener noreferrer\">Spo\u0142ecze\u0144stwo informacyjne: pr\u00f3ba nazwania naszych czas\u00f3w<\/a> (tekst A. Sici\u0144skiego)<br \/>\n\u2666\u00a0 <a href=\"http:\/\/stac.calculemus.org\/pdf\/EFiMI-2016\/Teoretycy_spoleczenstwa_inf--Goban-Klass.pdf\" target=\"_blank\" rel=\"noopener noreferrer\">Teoretycy spo\u0142ecze\u0144stwa informacyjnego<\/a> (tekst T. Goban-Klassa)<\/p>\n<p><strong>4) Cyfrowy styl \u017cycia. Rozwija czy degeneruje?<\/strong><\/p>\n<p>\u2666\u00a0 <a href=\"http:\/\/stac.calculemus.org\/pdf\/SIW-2017\/Spitzer-Cyfrowi-tubylcy-itp.pdf\" target=\"_blank\" rel=\"noopener noreferrer\">Cyfrowi tubylcy&#8230;<\/a> (2 rozdzia\u0142y z ksi\u0105\u017cki M. Spitzera pt. &#8222;Cyfrowa demencja&#8221;)<\/p>\n<p><strong>5) Media cyfrowe w edukacji<\/strong><\/p>\n<p>\u2666\u00a0 <a href=\"http:\/\/stac.calculemus.org\/pdf\/SIW-2017\/Lubacz-Galar-Rewolucja-informacyjna-w-edukacji.pdf\" target=\"_blank\" rel=\"noopener noreferrer\">Cyfrowa rewolucja w edukacji?<\/a> (z ksi\u0105\u017cki &#8222;W drodze do spo\u0142ecze\u0144stwa informacyjnego&#8221;)<br \/>\n\u2666\u00a0 <a href=\"http:\/\/stac.calculemus.org\/pdf\/SIW-2017\/Spitzer-Kopiowanie i wklejanie.pdf\" target=\"_blank\" rel=\"noopener noreferrer\">Edukacja w stylu &#8222;Kopiuj i wklej&#8221;<\/a> (rozdz. z ksi\u0105\u017cki M. Spitzera pt. &#8222;Cyfrowa demencja&#8221;)<\/p>\n<p><strong>6) Sztuczna inteligencja<\/strong><\/p>\n<p>\u2666\u00a0 <a href=\"http:\/\/stac.calculemus.org\/pdf\/EFiMI-2016\/UKS-esej3-Czy-istnieje-SI.pdf\" target=\"_blank\" rel=\"noopener noreferrer\"> Czy istnieje sztuczna inteligencja?<\/a> (tekst P. Stacewicza)<br \/>\n\u2666\u00a0 <a href=\"http:\/\/marciszewski.eu\/?p=8615\">Sztuczna Inteligencja. Wyzwanie czy zagro\u017cenie?<\/a> (dyskusja w blogu)<br \/>\n\u2666\u00a0 <a href=\"http:\/\/marciszewski.eu\/?p=9006\">Maszyny przysz\u0142o\u015bci a nauczanie matematyki<\/a> (dyskusja w blogu)<\/p>\n<p><strong>7) DEBATA: Sztuczna inteligencja &#8211; zagro\u017cenia i korzy\u015bci<\/strong><\/p>\n<p>\u2666\u00a0 <a href=\"http:\/\/stac.calculemus.org\/pdf\/SIW-2020\/Szczapa-Damian--2020--Sztuczna Inteligencja -zagrozenia-korzysci.docx\" target=\"_blank\" rel=\"noopener noreferrer\">Tekst inicjuj\u0105cy debat\u0119<\/a><br \/>\n\u2666\u00a0 <a href=\"http:\/\/marciszewski.eu\/?p=10300\">SI. Czy mamy si\u0119 czego ba\u0107?<\/a> (dyskusja w blogu)<\/p>\n","protected":false},"excerpt":{"rendered":"<p>Strona zawiera materia\u0142y dydaktyczne do seminarium &#8222;Spo\u0142ecze\u0144stwo informacji i wiedzy&#8221;, kt\u00f3re jest prowadzone na wydziale WEiTI PW. do you have to refrigerate ivermectin 1% W dziale WPROWADZENIE znajduj\u0105 si\u0119 informacje i materia\u0142y wst\u0119pne, kt\u00f3re warto przeczyta\u0107 po pierwszych zaj\u0119ciach. W &hellip; <a href=\"https:\/\/marciszewski.eu\/?page_id=10550\">Czytaj dalej <span class=\"meta-nav\">&rarr;<\/span><\/a><\/p>\n","protected":false},"author":3,"featured_media":0,"parent":0,"menu_order":0,"comment_status":"closed","ping_status":"closed","template":"","meta":{"footnotes":""},"class_list":["post-10550","page","type-page","status-publish","hentry"],"_links":{"self":[{"href":"https:\/\/marciszewski.eu\/index.php?rest_route=\/wp\/v2\/pages\/10550","targetHints":{"allow":["GET"]}}],"collection":[{"href":"https:\/\/marciszewski.eu\/index.php?rest_route=\/wp\/v2\/pages"}],"about":[{"href":"https:\/\/marciszewski.eu\/index.php?rest_route=\/wp\/v2\/types\/page"}],"author":[{"embeddable":true,"href":"https:\/\/marciszewski.eu\/index.php?rest_route=\/wp\/v2\/users\/3"}],"replies":[{"embeddable":true,"href":"https:\/\/marciszewski.eu\/index.php?rest_route=%2Fwp%2Fv2%2Fcomments&post=10550"}],"version-history":[{"count":10,"href":"https:\/\/marciszewski.eu\/index.php?rest_route=\/wp\/v2\/pages\/10550\/revisions"}],"predecessor-version":[{"id":11827,"href":"https:\/\/marciszewski.eu\/index.php?rest_route=\/wp\/v2\/pages\/10550\/revisions\/11827"}],"wp:attachment":[{"href":"https:\/\/marciszewski.eu\/index.php?rest_route=%2Fwp%2Fv2%2Fmedia&parent=10550"}],"curies":[{"name":"wp","href":"https:\/\/api.w.org\/{rel}","templated":true}]}}