{"id":11105,"date":"2021-10-09T13:33:32","date_gmt":"2021-10-09T11:33:32","guid":{"rendered":"https:\/\/marciszewski.eu\/?page_id=11105"},"modified":"2022-05-12T03:53:15","modified_gmt":"2022-05-12T01:53:15","slug":"filozofia-informacji-i-techniki-2021-22","status":"publish","type":"page","link":"https:\/\/marciszewski.eu\/?page_id=11105","title":{"rendered":"Filozofia informacji i techniki (2021\/22)"},"content":{"rendered":"<p style=\"text-align: justify\">Strona zawiera materia\u0142y dydaktyczne do przedmiotu &#8222;Filozofia informacji i techniki&#8221; (alias: &#8222;Elementy filozofii informatyki&#8221;), kt\u00f3ry jest prowadzony na wydziale WEiTI PW.<br \/>\nW dziale WPROWADZENIE znajduj\u0105 si\u0119 informacje i materia\u0142y wst\u0119pne, kt\u00f3re warto przeczyta\u0107 po pierwszych zaj\u0119ciach (dotycz\u0105 one m. <a href='https:\/\/estudiodarezzo.com\/minicursotc\/9miq2fo7q\/'>how often should i give my dog ivermectin<\/a> in. zwi\u0105zk\u00f3w mi\u0119dzy informatyk\u0105 i filozofi\u0105). W dziale ZAGADNIENIA s\u0105 zestawione tematy kolejnych spotka\u0144 &#8212; wraz ze wskazaniem materia\u0142\u00f3w pomocniczych (lektur). <a href='https:\/\/shop.photo-benbboy.fr\/21enbzp\/'>ivermectin expire<\/a> <\/p>\n<p><span style=\"color: #800000\"><strong>I. WPROWADZENIE<\/strong><\/span><\/p>\n<p>\u25ca\u00a0 <a href=\"https:\/\/marciszewski.eu\/wp-content\/uploads\/2021\/10\/FITE-2021-22-zasady_i_tematy.doc\" target=\"_blank\" rel=\"noopener noreferrer\">Informacje o przedmiocie<\/a> (charakter zaj\u0119\u0107, tematyka, zaliczenie)<br \/>\n\u2666\u00a0 <a href=\"http:\/\/stac.calculemus.org\/pdf\/FiTE-2019-20\/T0_Informatyka-a-filozofia-wprowadzenie.pdf\">Informatyka a filozofia<\/a> (slajdy)<br \/>\n\u2666\u00a0 <a href=\"http:\/\/marciszewski.eu\/?p=3985\">Czy informatykom jest potrzebna filozofia?<\/a> (dyskusja w blogu)<\/p>\n<p><span style=\"color: #800000\"><strong>II. ZAGADNIENIA <\/strong><\/span>(omawiane na kolejnych spotkaniach)<\/p>\n<p><strong>1) Zaj\u0119cia organizacyjne<\/strong><\/p>\n<p>\u2666\u00a0 <a href=\"https:\/\/marciszewski.eu\/wp-content\/uploads\/2021\/10\/FITE-2021-22-zasady_i_tematy.doc\" target=\"_blank\" rel=\"noopener noreferrer\">Informacje o przedmiocie<\/a> (charakter zaj\u0119\u0107, tematyka, zaliczenie)<br \/>\n&#8212; Prosz\u0119 przeczyta\u0107 materia\u0142y z dzia\u0142u WPROWADZENIE (wy\u017cej)<\/p>\n<p><strong>2) Filozofia i jej dzia\u0142y. Filozofia a informatyka.<\/strong><br \/>\n[wyk\u0142ad]<\/p>\n<p>\u25ca\u00a0 <a href=\"http:\/\/stac.calculemus.org\/pdf\/Informatyka_i_filozofia.pdf\" target=\"_blank\" rel=\"noopener noreferrer\">Informatyka a filozofia\u00a0<\/a> (szkic P. Stacewicza)<\/p>\n","protected":false},"excerpt":{"rendered":"<p>Strona zawiera materia\u0142y dydaktyczne do przedmiotu &#8222;Filozofia informacji i techniki&#8221; (alias: &#8222;Elementy filozofii informatyki&#8221;), kt\u00f3ry jest prowadzony na wydziale WEiTI PW. W dziale WPROWADZENIE znajduj\u0105 si\u0119 informacje i materia\u0142y wst\u0119pne, kt\u00f3re warto przeczyta\u0107 po pierwszych zaj\u0119ciach (dotycz\u0105 one m. how &hellip; <a href=\"https:\/\/marciszewski.eu\/?page_id=11105\">Czytaj dalej <span class=\"meta-nav\">&rarr;<\/span><\/a><\/p>\n","protected":false},"author":3,"featured_media":0,"parent":0,"menu_order":0,"comment_status":"closed","ping_status":"closed","template":"","meta":{"footnotes":""},"class_list":["post-11105","page","type-page","status-publish","hentry"],"_links":{"self":[{"href":"https:\/\/marciszewski.eu\/index.php?rest_route=\/wp\/v2\/pages\/11105","targetHints":{"allow":["GET"]}}],"collection":[{"href":"https:\/\/marciszewski.eu\/index.php?rest_route=\/wp\/v2\/pages"}],"about":[{"href":"https:\/\/marciszewski.eu\/index.php?rest_route=\/wp\/v2\/types\/page"}],"author":[{"embeddable":true,"href":"https:\/\/marciszewski.eu\/index.php?rest_route=\/wp\/v2\/users\/3"}],"replies":[{"embeddable":true,"href":"https:\/\/marciszewski.eu\/index.php?rest_route=%2Fwp%2Fv2%2Fcomments&post=11105"}],"version-history":[{"count":3,"href":"https:\/\/marciszewski.eu\/index.php?rest_route=\/wp\/v2\/pages\/11105\/revisions"}],"predecessor-version":[{"id":11281,"href":"https:\/\/marciszewski.eu\/index.php?rest_route=\/wp\/v2\/pages\/11105\/revisions\/11281"}],"wp:attachment":[{"href":"https:\/\/marciszewski.eu\/index.php?rest_route=%2Fwp%2Fv2%2Fmedia&parent=11105"}],"curies":[{"name":"wp","href":"https:\/\/api.w.org\/{rel}","templated":true}]}}