{"id":11166,"date":"2022-02-23T07:35:43","date_gmt":"2022-02-23T06:35:43","guid":{"rendered":"https:\/\/marciszewski.eu\/?page_id=11166"},"modified":"2022-03-20T17:02:20","modified_gmt":"2022-03-20T16:02:20","slug":"sztuczna-inteligencja-2022","status":"publish","type":"page","link":"https:\/\/marciszewski.eu\/?page_id=11166","title":{"rendered":"Sztuczna Inteligencja (2022)"},"content":{"rendered":"<p style=\"text-align: justify;\">Strona zawiera materia\u0142y dydaktyczne do przedmiotu &#8222;Sztuczna inteligencja. Wybrane poj\u0119cia i metody&#8221;, kt\u00f3ry jest prowadzony na wydziale WAiNS PW. W dziale WPROWADZENIE znajduj\u0105 si\u0119 informacje i materia\u0142y wst\u0119pne, kt\u00f3re warto przeczyta\u0107 po pierwszych zaj\u0119ciach. W dziale ZAGADNIENIA s\u0105 zestawione tematy kolejnych spotka\u0144 &#8211; wraz z tekstami do dyskusji oraz pytaniami, kt\u00f3re warto przemy\u015ble\u0107 przed zaj\u0119ciami.<\/p>\n<p><span style=\"color: #800000;\"><strong>I. WPROWADZENIE<\/strong><\/span><\/p>\n<p>\u25ca\u00a0 <a href=\"http:\/\/stac.calculemus.org\/pdf\/SI-2022\/SI-2022-zasady_i_tematy.pdf\" target=\"_blank\" rel=\"noopener noreferrer\"> Informacje o przedmiocie<\/a> (charakter zaj\u0119\u0107, tematyka, zaliczenie)<br \/>\n\u2666\u00a0 <a href=\"http:\/\/stac.calculemus.org\/pdf\/EFiMI-2016\/UKS-esej3-Czy-istnieje-SI.pdf\" target=\"_blank\" rel=\"noopener noreferrer\"> Czy istnieje sztuczna inteligencja?<\/a> (tekst P. Stacewicza)<\/p>\n<p><span style=\"color: #800000;\"><strong>II. ZAGADNIENIA <\/strong><\/span>(omawiane na kolejnych spotkaniach)<\/p>\n<p><strong>1)\u00a0 Zaj\u0119cia organizacyjne<\/strong><\/p>\n<p>\u25ca\u00a0 <a href=\"http:\/\/stac.calculemus.org\/pdf\/SI-2022\/SI-2022-zasady_i_tematy.pdf\" target=\"_blank\" rel=\"noopener noreferrer\">Informacje o przedmiocie<\/a> (charakter zaj\u0119\u0107, tematyka, zaliczenie)<\/p>\n<p><strong>2) Inteligencja naturalna a sztuczna<\/strong><\/p>\n<p>\u25ca\u00a0 <a href=\"http:\/\/stac.calculemus.org\/pdf\/SI-2018\/SI-2018--Pytania_1--int-naturalna-a-sztuczna.pdf\" target=\"_blank\" rel=\"noopener noreferrer\"> Pytania do tematu<\/a><br \/>\n\u2666\u00a0 Inteligencja cz\u0142owieka (ksi\u0105\u017cka J. Strelaua, dost\u0119pna w bibliotekach)<br \/>\n\u2666\u00a0 <a href=\"https:\/\/pl.wikipedia.org\/wiki\/Inteligencja_(psychologia)\" target=\"_blank\" rel=\"noopener noreferrer\">O inteligencji w Wikipedii.<\/a><br \/>\n\u2666\u00a0 <a href=\"http:\/\/stac.calculemus.org\/pdf\/SI-2018\/Piaget-o-inteligencj-i-uczeniu-sie.pdf\" target=\"_blank\" rel=\"noopener noreferrer\"> O teorii rozwoju inteligencji J. Piageta<\/a><br \/>\n\u2666\u00a0 <a href=\"http:\/\/stac.calculemus.org\/pdf\/EFiMI-2016\/R2_W_strone_sztucznych_systemow_inteligentnych.pdf\" target=\"_blank\" rel=\"noopener noreferrer\">W stron\u0119 sztucznych system\u00f3w inteligentnych<\/a> (rozdzia\u0142 z ksi\u0105\u017cki P. Stacewicza)<\/p>\n<p><strong>3) Test Turinga. Czy maszyny mog\u0105 my\u015ble\u0107?<\/strong><\/p>\n<p style=\"text-align: left;\">\u25ca\u00a0 <a href=\"http:\/\/stac.calculemus.org\/pdf\/SI-2018\/SI-2018--Pytania_2--pomysly-Turinga-z-artykulu-z-Mind.pdf\" target=\"_blank\" rel=\"noopener noreferrer\"> Pytania do tematu<\/a><br \/>\n\u2666 \u00a0<a href=\"http:\/\/stac.calculemus.org\/pdf\/at-mlai.pdf\">Maszyny licz\u0105ce a inteligencja<\/a> (artyku\u0142 A. Turinga)<br \/>\n\u2666 \u00a0<a href=\"http:\/\/marciszewski.eu\/?p=1901\">O sztucznej inteligencji z Turingiem w tle<\/a> (dyskusja w blogu; zapraszam do komentowania)<br \/>\n\u2666\u00a0 <a href=\"http:\/\/eduinf.waw.pl\/inf\/prg\/003_mt\/index.php\">(Matematyczne) Maszyny Turinga<\/a> (opis dydaktyczny)<br \/>\n\u2666\u00a0 <a href=\"http:\/\/marciszewski.eu\/?p=1189\">(Matematyczne) Maszyny Turinga a ludzki umys\u0142<\/a> (wpis blogowy)<\/p>\n<p><strong>4) Historia i wsp\u00f3\u0142czesno\u015b\u0107 bada\u0144 nad SI (wyk\u0142ad)<\/strong><\/p>\n<p>\u25ca <a href=\"http:\/\/stac.calculemus.org\/pdf\/SI-2018\/SI-2018--Pytania_4--SI-przeglad-zagadnien.pdf\" target=\"_blank\" rel=\"noopener noreferrer\"> Pytania do tematu<\/a><br \/>\n\u2666 \u00a0<a href=\"http:\/\/stac.calculemus.org\/pdf\/EFiMI-2016\/R2_W_strone_sztucznych_systemow_inteligentnych.pdf\" target=\"_blank\" rel=\"noopener noreferrer\">W stron\u0119 sztucznych system\u00f3w inteligentnych<\/a> (rozdzia\u0142 z ksi\u0105\u017cki P. Stacewicza)<br \/>\n\u2666\u00a0 <a href=\"http:\/\/stac.calculemus.org\/pdf\/SI-2019\/T4_SI--przeglad-zagadnien--2019.pdf\" target=\"_blank\" rel=\"noopener noreferrer\"> Slajdy pokazywane na zaj\u0119ciach<\/a><\/p>\n<p><strong>5) Metody reprezentacji wiedzy <\/strong><strong><br \/>\n<\/strong><\/p>\n<p>\u25ca <a href=\"http:\/\/stac.calculemus.org\/pdf\/SI-2018\/SI-2018--Pytania_5--Metody-reprezentacji-wiedzy.pdf\" target=\"_blank\" rel=\"noopener noreferrer\"> Pytania do tematu<\/a><br \/>\n\u2666 <a href=\"http:\/\/stac.calculemus.org\/pdf\/SI-2017\/Nalepa-Metody-repr-wiedzy.pdf\" target=\"_blank\" rel=\"noopener noreferrer\">Sztuczne systemy oparte na wiedzy<\/a> (tekst T. Nalepy)<br \/>\n\u2666 <a href=\"http:\/\/stac.calculemus.org\/pdf\/SI-2017\/Stacewicz---fragment-ksi\u0105\u017cki-SSN.pdf\" target=\"_blank\" rel=\"noopener noreferrer\"> O sieciach neuronowych<\/a> (fragment ksi\u0105\u017cki P. Stacewicza &#8211; do pyt. nr 6)<\/p>\n<p>\u25ca <strong>Dodatkowo<\/strong>: do tematu <strong>SI a logika<\/strong><br \/>\n\u25ca <a href=\"http:\/\/stac.calculemus.org\/pdf\/SI-2019\/SI-2019--Pytania_5--SI-a-logika.pdf\" target=\"_blank\" rel=\"noopener noreferrer\"> Pytania pomocnicze<\/a><br \/>\n\u25ca Rozdzia\u0142 4 ksi\u0105\u017cki K. Devlina &#8222;\u017begnaj, Kartezjuszu&#8221;, pt. &#8222;Od symboli do krzemu&#8221;<\/p>\n<p><strong>6) Systemy eksperckie<\/strong><\/p>\n<p>\u25ca <a href=\"http:\/\/stac.calculemus.org\/pdf\/SI-2019\/SI-2019--Pytania_7--Systemy-eksperckie.pdf\" target=\"_blank\" rel=\"noopener noreferrer\"> Pytania do tematu<\/a><br \/>\n\u2666 <a href=\"http:\/\/stac.calculemus.org\/pdf\/SI-2017\/Mulawka-Wstepnie-o-SE.pdf\" target=\"_blank\" rel=\"noopener noreferrer\">Podstawowe informacje o SE<\/a> (rozdzia\u0142 z ksi\u0105\u017cki J. Mulawki)<br \/>\n\u2666 <a href=\"http:\/\/mariusz.makuchowski.staff.iiar.pwr.wroc.pl\/download\/courses\/komputerowe.wspomaganie.zarzadzania\/wyk.slajdy\/wyk05.eksperckie.pdf\" target=\"_blank\" rel=\"noopener noreferrer\">SE w zarz\u0105dzaniu<\/a> (ciekawy materia\u0142 z sieci)<\/p>\n<p><strong>7) Sztuczne sieci neuronowe<\/strong><\/p>\n<p>\u2666 <a href=\"http:\/\/stac.calculemus.org\/pdf\/SI-Zast-2018\/SI-Zast-2018--Pytania_3--Sztuczne-sieci-neuronowe.pdf\" target=\"_blank\" rel=\"noopener noreferrer\">Pytania do tematu<\/a><br \/>\n<span style=\"color: #ff0000;\"><strong>!!!<\/strong><\/span> Poni\u017cej s\u0105 teksty pomocnicze; najwa\u017cniejsze: pierwszy i trzeci.<\/p>\n<p>\u2666 <a href=\"http:\/\/stac.calculemus.org\/pdf\/SI-2017\/Stacewicz---fragment-ksi\u0105\u017cki-SSN.pdf\" target=\"_blank\" rel=\"noopener noreferrer\">Koneksyjne techniki przetwarzania danych<\/a> (fragment ksi\u0105\u017cki P. Stacewicza)<br \/>\n\u25ca <a href=\"http:\/\/stac.calculemus.org\/pdf\/SI-2017\/Tadeusiewicz-Sieci_neuronowe_fragmenty-z_przewodnika_po_kogn.pdf\" target=\"_blank\" rel=\"noopener noreferrer\">Sztuczne sieci neuronowe &#8211; wprowadzenie<\/a> (fragmenty artyku\u0142u R. Tadeusiewicza)<br \/>\n\u25ca <a href=\"http:\/\/stac.calculemus.org\/pdf\/SI-2018\/SSN-Bialynicka-Birula.pdf\" target=\"_blank\" rel=\"noopener noreferrer\">Sieci neuronowe<\/a> (tekst I. Bia\u0142ynickiej-Biruli)<\/p>\n<p><strong>8) Algorytmy genetyczne<\/strong><\/p>\n<p>\u25ca <a href=\"http:\/\/stac.calculemus.org\/pdf\/SI-2018\/SI-2018--Pytania_9--Algorytmy genetyczne.pdf\" target=\"_blank\" rel=\"noopener noreferrer\"> Pytania do tematu<\/a><br \/>\n\u2666 <a href=\"http:\/\/stac.calculemus.org\/pdf\/KaLU-2016\/E8_Czy_roboty_przysz\u0142o\u015bci_bed\u0105_ewoluowa\u0107.pdf\" target=\"_blank\" rel=\"noopener noreferrer\">Czy roboty przysz\u0142o\u015bci b\u0119d\u0105 ewoluowa\u0107?<\/a> (esej P. Stacewicza)<br \/>\n\u25ca <a href=\"http:\/\/stac.calculemus.org\/pdf\/SI-2017\/Algorytmy-genetyczne-fragment-UaMMU.pdf\" target=\"_blank\" rel=\"noopener noreferrer\">Algorytmy genetyczne<\/a> (fragment ksi\u0105\u017cki P. Stacewicza)<\/p>\n<p><strong>9) Sprawdzian<\/strong><\/p>\n<p>\u25ca <a href=\"http:\/\/stac.calculemus.org\/pdf\/SI-2018\/SI-2018-przyk\u0142adowe-pytania.pdf\" target=\"_blank\" rel=\"noopener noreferrer\"> Pytania do przemy\u015blenia przed sprawdzianem<\/a><\/p>\n<p><strong>10) Zastosowania poznanych technik w administracji <\/strong><\/p>\n<p><strong>!!!<\/strong> Temat nale\u017cy opracowa\u0107 na podstawie w\u0142asnych poszukiwa\u0144 w Internecie<br \/>\n&#8212; Poni\u017cej fragmenty licencjat\u00f3w dot. SE<\/p>\n<p>\u2666 <a href=\"http:\/\/stac.calculemus.org\/pdf\/SI-Zast-2019\/Fragment pracy licencjackiej Pana Adama Nowaka z roku 2019.pdf\" target=\"_blank\" rel=\"noopener noreferrer\">Zastosowania system\u00f3w eksperckich w administracji<\/a> (fragment licencjatu p. Nowaka)<\/p>\n<p><strong>11) Zastosowania poznanych technik w wojsku. <\/strong><\/p>\n<p><strong>!!!<\/strong> Temat nale\u017cy opracowa\u0107 na podstawie w\u0142asnych poszukiwa\u0144 w Internecie<br \/>\n&#8212; Poni\u017cej fragmenty licencjat\u00f3w dot. SE<\/p>\n<p>\u2666 <a href=\"http:\/\/stac.calculemus.org\/pdf\/SI-2017\/Zastosowania-SE-w-syst-obronnych-N-Wroblewska.pdf\" target=\"_blank\" rel=\"noopener noreferrer\">Zastosowania system\u00f3w eksperckich w systemach obronnych<\/a> (fragment licencjatu p. Wr\u00f3blewskiej)<br \/>\n\u2666 <a href=\"http:\/\/stac.calculemus.org\/pdf\/SI-2017\/Zastosowania-SSN-w-syst-obronnych-N-Wroblewska.pdf\" target=\"_blank\" rel=\"noopener noreferrer\">Zastosowania sieci neuronowych w systemach obronnych<\/a> (fragment licencjatu p. Wr\u00f3blewskiej)<\/p>\n<p><strong>12) Inne zastosowania. <\/strong><\/p>\n<p><strong>!!!<\/strong> Temat nale\u017cy opracowa\u0107 na podstawie w\u0142asnych poszukiwa\u0144 w Internecie<\/p>\n<p><strong>13) Dyskusja o potencjalnych zagro\u017ceniach ze strony sztucznej inteligencji <\/strong><\/p>\n<p>\u2666\u00a0 <a href=\"http:\/\/marciszewski.eu\/?p=10300\">SI. Czy mamy si\u0119 czego ba\u0107?<\/a> (wpis i dyskusja w blogu)<\/p>\n","protected":false},"excerpt":{"rendered":"<p>Strona zawiera materia\u0142y dydaktyczne do przedmiotu &#8222;Sztuczna inteligencja. Wybrane poj\u0119cia i metody&#8221;, kt\u00f3ry jest prowadzony na wydziale WAiNS PW. W dziale WPROWADZENIE znajduj\u0105 si\u0119 informacje i materia\u0142y wst\u0119pne, kt\u00f3re warto przeczyta\u0107 po pierwszych zaj\u0119ciach. W dziale ZAGADNIENIA s\u0105 zestawione tematy &hellip; <a href=\"https:\/\/marciszewski.eu\/?page_id=11166\">Czytaj dalej <span class=\"meta-nav\">&rarr;<\/span><\/a><\/p>\n","protected":false},"author":3,"featured_media":0,"parent":0,"menu_order":0,"comment_status":"closed","ping_status":"closed","template":"","meta":{"footnotes":""},"class_list":["post-11166","page","type-page","status-publish","hentry"],"_links":{"self":[{"href":"https:\/\/marciszewski.eu\/index.php?rest_route=\/wp\/v2\/pages\/11166","targetHints":{"allow":["GET"]}}],"collection":[{"href":"https:\/\/marciszewski.eu\/index.php?rest_route=\/wp\/v2\/pages"}],"about":[{"href":"https:\/\/marciszewski.eu\/index.php?rest_route=\/wp\/v2\/types\/page"}],"author":[{"embeddable":true,"href":"https:\/\/marciszewski.eu\/index.php?rest_route=\/wp\/v2\/users\/3"}],"replies":[{"embeddable":true,"href":"https:\/\/marciszewski.eu\/index.php?rest_route=%2Fwp%2Fv2%2Fcomments&post=11166"}],"version-history":[{"count":9,"href":"https:\/\/marciszewski.eu\/index.php?rest_route=\/wp\/v2\/pages\/11166\/revisions"}],"predecessor-version":[{"id":11178,"href":"https:\/\/marciszewski.eu\/index.php?rest_route=\/wp\/v2\/pages\/11166\/revisions\/11178"}],"wp:attachment":[{"href":"https:\/\/marciszewski.eu\/index.php?rest_route=%2Fwp%2Fv2%2Fmedia&parent=11166"}],"curies":[{"name":"wp","href":"https:\/\/api.w.org\/{rel}","templated":true}]}}