{"id":8440,"date":"2016-02-20T10:24:23","date_gmt":"2016-02-20T08:24:23","guid":{"rendered":"http:\/\/marciszewski.eu\/?page_id=8440"},"modified":"2016-02-20T10:25:20","modified_gmt":"2016-02-20T08:25:20","slug":"filozofia-informatyki-lektorium-wspolne","status":"publish","type":"page","link":"https:\/\/marciszewski.eu\/?page_id=8440","title":{"rendered":"Filozofia informatyki &#8211; lektorium wsp\u00f3lne"},"content":{"rendered":"<p><span style=\"color: #800000;\"><strong><span style=\"font-size: x-large;\">Filozofia informatyki &#8212; lektorium wsp\u00f3lne<br \/>\n<\/span><\/strong><\/span><\/p>\n<p>Na tej stronie udost\u0119pniam szereg materia\u0142\u00f3w (tekst\u00f3w i prezentacji), kt\u00f3re wykorzystuj\u0119 w ramach r\u00f3\u017cnych swoich zaj\u0119\u0107 dydaktycznych z pogranicza informatyki i filozofii. Podobne materia\u0142y, przypisane jednak do r\u00f3\u017cnych zagadnie\u0144 szczeg\u00f3\u0142owych, s\u0105 obecne na innych stronach tego serwisu.<\/p>\n<p><em>Gor\u0105co zapraszam do lektury<\/em> <em>\u2013 Pawe\u0142 Stacewicz.<\/em><\/p>\n<p><strong><span style=\"background-color: #c0c0c0;\"> I. Szkice i slajdy do wybranych <\/span><span style=\"background-color: #c0c0c0;\">wyk\u0142ad\u00f3w<\/span><\/strong><\/p>\n<ul>\n<li><a href=\"http:\/\/stac.calculemus.org\/pdf\/Informatyka_i_filozofia.pdf\">Informatyka i filozofia<\/a> (tekst)<\/li>\n<li><a title=\"W1_filozofia_metodologia_informatyka_fragmenty\" href=\"http:\/\/stac.calculemus.org\/pdf\/W1_filozofia_metodologia_informatyka_fragmenty.pdf\">Czym zajmuje si\u0119 filozofia informatyki?<\/a> (slajdy)<\/li>\n<li><a title=\"Filozofia_wobec_nauk_szczegolowych\" href=\"http:\/\/stac.calculemus.org\/pdf\/Filozofia_wobec_nauk_szczegolowych.pdf\">Filozofia i jej historia wobec nauk szczeg\u00f3\u0142owych<\/a> (tekst)<\/li>\n<li><a title=\"O poj\u0119ciu informacji\" href=\"http:\/\/stac.calculemus.org\/pdf\/Dyskusja_o_informacji.pdf\">O poj\u0119ciu informacji<\/a> (tekst)<\/li>\n<li><a title=\"Algorytmy.Uwagi_metodologiczne\" href=\"http:\/\/stac.calculemus.org\/pdf\/Algorytmy.Uwagi%20z pogranicza matematyki i metodologii nauk.pdf\" target=\"_blank\">Algorytmy. Uwagi metodologiczne <\/a>(tekst)<\/li>\n<li><a title=\"Leibniz\" href=\"http:\/\/stac.calculemus.org\/pdf\/W6_Leibniz.pdf\">Gottfried Wilhelm Leibniz. Matematyk, filozof, wizjoner<\/a> (slajdy).<\/li>\n<li><a title=\"Obliczalnosc_i_nieobliczalnosc\" href=\"http:\/\/stac.calculemus.org\/pdf\/Wyklady-2013\/W4_Obliczalnosc_i_nieobliczalnosc_2013.pdf\">Obliczalno\u015b\u0107 i nieobliczalno\u015b\u0107<\/a> (slajdy).<\/li>\n<\/ul>\n<p><strong><span style=\"background-color: #c0c0c0;\">II. <\/span><span style=\"background-color: #c0c0c0;\">Lektury i materia\u0142y pomocnicze<\/span><\/strong><\/p>\n<ul>\n<li><a title=\"Historia komputer\u00f3w\" href=\"http:\/\/stac.calculemus.org\/pdf\/Komputery_historia_W_Duch.pdf\">Historia komputer\u00f3w<\/a>: wyci\u0105g z pierwszego rozdzia\u0142u ksi\u0105\u017cki W. Ducha &#8222;Fascynuj\u0105cy \u015bwiat komputer\u00f3w&#8221;.<\/li>\n<li><a title=\"Mini-kronika informatyki\" href=\"http:\/\/www.calculemus.org\/publ-WM\/2000\/minihist.html\" target=\"_blank\">Mini-kronika informatyki<\/a>: kr\u00f3tki artyku\u0142 Witolda Marciszewskiego opublikowany w roku 2000, w czasopismie &#8222;Computer World&#8221;.<\/li>\n<li><a title=\"Leibnizjanskie_inspiracje_informatyki\" href=\"http:\/\/logika.uwb.edu.pl\/KT\/Leibnizjanskie%20inspiracje%20informatyki.pdf\">Leibnizja\u0144skie inspiracje informatyki<\/a>: tekst naukowy Kazimierza Trz\u0119sickiego, kompendium wiedzy o pre-informatycznych ideach Leibniza i ich wk\u0142adzie w histori\u0119 informatyki.<\/li>\n<li><a title=\"Wszechswiat_jako_komputer\" href=\"http:\/\/www.calculemus.org\/lect\/si\/f.html\">Wszech\u015bwiat jako komputer i sprawy ostateczne<\/a>: kr\u00f3tki artyku\u0142 Witolda Marciszewskiego, nawi\u0105zuj\u0105cy do my\u015bli Leibniza, opublikowany w roku 1999, w czasopi\u015bmie &#8222;Computer World&#8221;.<\/li>\n<li><a title=\"Czat_z_duchem_Leibniza\" href=\"http:\/\/stac.calculemus.org\/pdf\/Czat_z_duchem_Leibniza.pdf\">Czat z duchem G.W. Leibniza<\/a>: fikcyjna rozmowa z XVII-wiecznym uczonym, opracowana pierwotnie w ramach projektu popularyzatorskiego &#8222;Archipelag matematyki&#8221;.<\/li>\n<li><a title=\"Turing_o_SI\" href=\"http:\/\/stac.calculemus.org\/pdf\/at-mlai.pdf\">Maszyny licz\u0105ce a inteligencja<\/a> (ang. Computing Machinery and Intelligence): g\u0142o\u015bny artyku\u0142 A. Turinga o sztucznej inteligencji i jej perspektywach, zaczerpni\u0119ty z witryny www.kognitywistyka.net.<\/li>\n<li><a title=\"Chaitin o nieobliczalnej liczbie Omega\" href=\"http:\/\/stac.calculemus.org\/pdf\/Chaitin-Granice-Matematyki.pdf\">Granice matematyki<\/a>: wyci\u0105g z ksi\u0105\u017cki G. Chaitina w przek\u0142adzie P. Czarnoty, z ciekaw\u0105 przedmow\u0105 J. D\u0119bowskiego (wybrany artyku\u0142 zawiera wa\u017cne informacje o odkrytej przez Chaitina liczbie nieobliczalnej Omega).<\/li>\n<li><a title=\"Metodologiczne i teoriopoznawcze przes\u0142anki klasycznego zagadnienia rozstrzygalno\u015bci\" href=\"http:\/\/www.calculemus.org\/neumann\/odczyty\/trzesicki2.pdf\">O problemach rozstrzygalno\u015bci<\/a>: artyku\u0142 naukowy Kazimierza Trz\u0119sickiego o genezie i historii zagadnienia rozstrzygalno\u015bci (od pierwszych sformu\u0142owa\u0144 Davida Hilberta, przez s\u0142ynne odkrycia Kurta G\u00f6dla, a\u017c do propozycji Alana Turinga).<\/li>\n<li><a title=\"Informacja, algorytm, automat\" href=\"http:\/\/stac.calculemus.org\/pdf\/UaMMU_inf_alg_aut.pdf\">Informacja, algorytm, automat<\/a>: kr\u00f3tki wyci\u0105g z pierwszego rozdzia\u0142u ksi\u0105\u017cki P. Stacewicza &#8222;Umys\u0142 a modele maszyn ucz\u0105cych si\u0119&#8221;, zawieraj\u0105cy podstawowe informacje o trzech kluczowych poj\u0119ciach informatyki.<\/li>\n<li><a title=\"Komputery_wyobraznia_i_filozofia\" href=\" http:\/\/polak.wdfiles.com\/local--files\/filozofia-informatyki\/Komputery_wyobraznia_i_filozofia.pdf\">Komputery, wyobra\u017ania i filozofia<\/a>: artyku\u0142 naukowy Paw\u0142a Polaka o wp\u0142ywie technologii informatycznych na spos\u00f3b my\u015blenia filozof\u00f3w (o \u015bwiecie i umy\u015ble).<\/li>\n<li><a title=\"Czy powstan\u0105 maszyny autonomiczne?\" href=\"http:\/\/stac.calculemus.org\/pdf\/UKS_esej_6.pdf\">Czy powstan\u0105 maszyny autonomiczne?<\/a> &#8211; esej autorstwa P. Stacewicza, jeden z rozdzia\u0142\u00f3w ksi\u0105\u017cki &#8222;Umys\u0142-Komputer-\u015awiat. O zagadce umys\u0142u z informatycznego punktu widzenia&#8221;.<\/li>\n<\/ul>\n<p><strong><span style=\"background-color: #c0c0c0;\">III. W<\/span><span style=\"background-color: #c0c0c0;\">yr\u00f3\u017cnione prace student\u00f3w <\/span><\/strong><\/p>\n<ul>\n<li><a title=\"Hacia_o_swiadomosci\" href=\"http:\/\/stac.calculemus.org\/pdf\/Hacia_o_swiadomosci_zredagowane_z_komentarzem.pdf\">Czy \u015bwiadomo\u015b\u0107 mo\u017cna zdefiniowa\u0107 i\/lub wymodelowa\u0107 komputerowo<\/a>? &#8212; praca p. Jowity H\u0105ci, studentki II roku wydzia\u0142u MiNI, z roku 2011 (razem z komentarzem wyk\u0142adowcy).<\/li>\n<li><a title=\"Inteligentne maszyny_Czy_to_mozliwe\" href=\"http:\/\/stac.calculemus.org\/pdf\/Inteligentne maszyny_zredagowane_do_umieszczenia w blogu.pdf\">Inteligentne maszyny. Czy to mo\u017cliwe?<\/a> &#8212; praca p. Piotra Molskiego, studenta II roku wydzia\u0142u MiNI, z roku 2011 (razem z komentarzem wyk\u0142adowcy).<\/li>\n<li><a title=\"Uwagi_na_temat_tw_Godla\" href=\"http:\/\/stac.calculemus.org\/pdf\/Ulinski_Uwagi_na_temat_tw_godla.pdf\">Uwagi na temat twierdzenia G\u00f6dla<\/a> &#8212; praca p. Mateusza Uli\u0144skiego, studenta II roku wydzia\u0142u MiNI, z roku 2012.<\/li>\n<li><a title=\"Paradowski_Indeterminizm_umyslu\" href=\"http:\/\/stac.calculemus.org\/pdf\/Paradowski_Indeterminizm_umyslu.pdf\">(In) determinizm umys\u0142u<\/a> &#8212; praca p. Paw\u0142a Paradowskiego, studenta II roku wydzia\u0142u MiNI, z roku 2012.<\/li>\n<\/ul>\n","protected":false},"excerpt":{"rendered":"<p>Filozofia informatyki &#8212; lektorium wsp\u00f3lne Na tej stronie udost\u0119pniam szereg materia\u0142\u00f3w (tekst\u00f3w i prezentacji), kt\u00f3re wykorzystuj\u0119 w ramach r\u00f3\u017cnych swoich zaj\u0119\u0107 dydaktycznych z pogranicza informatyki i filozofii. Podobne materia\u0142y, przypisane jednak do r\u00f3\u017cnych zagadnie\u0144 szczeg\u00f3\u0142owych, s\u0105 obecne na innych stronach &hellip; <a href=\"https:\/\/marciszewski.eu\/?page_id=8440\">Czytaj dalej <span class=\"meta-nav\">&rarr;<\/span><\/a><\/p>\n","protected":false},"author":3,"featured_media":0,"parent":0,"menu_order":0,"comment_status":"closed","ping_status":"closed","template":"notitle-page.php","meta":{"footnotes":""},"class_list":["post-8440","page","type-page","status-publish","hentry"],"_links":{"self":[{"href":"https:\/\/marciszewski.eu\/index.php?rest_route=\/wp\/v2\/pages\/8440","targetHints":{"allow":["GET"]}}],"collection":[{"href":"https:\/\/marciszewski.eu\/index.php?rest_route=\/wp\/v2\/pages"}],"about":[{"href":"https:\/\/marciszewski.eu\/index.php?rest_route=\/wp\/v2\/types\/page"}],"author":[{"embeddable":true,"href":"https:\/\/marciszewski.eu\/index.php?rest_route=\/wp\/v2\/users\/3"}],"replies":[{"embeddable":true,"href":"https:\/\/marciszewski.eu\/index.php?rest_route=%2Fwp%2Fv2%2Fcomments&post=8440"}],"version-history":[{"count":2,"href":"https:\/\/marciszewski.eu\/index.php?rest_route=\/wp\/v2\/pages\/8440\/revisions"}],"predecessor-version":[{"id":8442,"href":"https:\/\/marciszewski.eu\/index.php?rest_route=\/wp\/v2\/pages\/8440\/revisions\/8442"}],"wp:attachment":[{"href":"https:\/\/marciszewski.eu\/index.php?rest_route=%2Fwp%2Fv2%2Fmedia&parent=8440"}],"curies":[{"name":"wp","href":"https:\/\/api.w.org\/{rel}","templated":true}]}}