{"id":9189,"date":"2017-03-17T09:12:06","date_gmt":"2017-03-17T08:12:06","guid":{"rendered":"http:\/\/marciszewski.eu\/?page_id=9189"},"modified":"2017-12-12T20:34:57","modified_gmt":"2017-12-12T19:34:57","slug":"archiwum-seminariow-z-filozofii-nauki-na-pw","status":"publish","type":"page","link":"https:\/\/marciszewski.eu\/?page_id=9189","title":{"rendered":"Archiwum seminari\u00f3w z filozofii nauki na PW"},"content":{"rendered":"<h2>ROK AKADEMICKI 2016\/17<\/h2>\n<p><strong>1.<\/strong> <strong>Czym s\u0105 obliczenia naturalne?<\/strong><br \/>\n(<em>Pawe\u0142 Stacewicz, <\/em>10-11-2016)<\/p>\n<p>\u2666\u00a0 <a href=\"http:\/\/stac.calculemus.org\/pdf\/Seminarium-2016-17\/Kari, Rozenberg - The Many Facets of Natural Computing (2008).pdf\" target=\"_blank\" rel=\"noopener noreferrer\">Lektura<\/a> (L. Kari, G. Rozenberg, <em>The Many Facets of Natural Computing<\/em>)<br \/>\n\u2666\u00a0 <a href=\"http:\/\/marciszewski.eu\/?p=8745\">Wpis i dyskusja w blogu<\/a><\/p>\n<p><strong>2.<\/strong> <strong>Zagadnienie (hiper)oblicze\u0144 biologicznych<\/strong><br \/>\n(<em>Rados\u0142aw Siedli\u0144ski, <\/em>1-12-2016)<\/p>\n<p>\u2666\u00a0 Lektury (jak wy\u017cej)<\/p>\n<p><strong>3.<\/strong> <strong>Racjonalizm (w tym: informatyczny) jako realistyczna filozofia nauki.<\/strong><br \/>\n(<em>Witold Marciszewski, <\/em>24-01-2017)<\/p>\n<p>\u2666\u00a0 <a href=\"http:\/\/marciszewski.eu\/?p=8976\" target=\"_blank\" rel=\"noopener noreferrer\">Lektura<\/a> (wpis, linki i dyskusja w blogu)<br \/>\n\u2666\u00a0 <a href=\"http:\/\/stac.calculemus.org\/pdf\/Seminarium-2016-17\/Racjonalizm-WM-na-seminarium.pdf\" target=\"_blank\" rel=\"noopener noreferrer\">Slajdy<\/a> (dyskutowane na seminarium)<\/p>\n<p><strong>4.<\/strong> <strong>Dyskretno\u015b\u0107 a ci\u0105g\u0142o\u015b\u0107. Filozoficzne aspekty cyfrowej<br \/>\nreprezentacji ruchu.<\/strong><br \/>\n(<em>Jakub Jernajczyk, <\/em>28-02-2017)<\/p>\n<p>\u2666\u00a0 <a href=\"http:\/\/stac.calculemus.org\/pdf\/Seminarium-2016-17\/jj-konspekt-01.pdf\" target=\"_blank\" rel=\"noopener noreferrer\">Konspekt referatu<\/a><br \/>\n\u2666\u00a0 <a href=\"http:\/\/stac.calculemus.org\/pdf\/Seminarium-2016-17\/2-Jakub-Jernajczyk.pdf\" target=\"_blank\" rel=\"noopener noreferrer\">Lektura<\/a> (artyku\u0142 J. Jernajczyka)<\/p>\n<p><strong>5.<\/strong> <strong>O samor\u00f3dztwie informacji.<\/strong><br \/>\n(<em>Jaros\u0142aw Soko\u0142owski<\/em>, 30-03-2017)<\/p>\n<p>\u2666\u00a0 <a href=\"http:\/\/marciszewski.eu\/?p=8254\" target=\"_blank\" rel=\"noopener noreferrer\">O informacji w kontek\u015bcie umys\u0142u<\/a> (pomocniczy wpis w blogu)<br \/>\n\u2666\u00a0 <a href=\"http:\/\/marciszewski.eu\/?p=9182\" target=\"_blank\" rel=\"noopener noreferrer\">Informacja jako wsp\u00f3\u0142czesne arch\u00e9<\/a> (tekst P. Ciniewskiego)<\/p>\n<p><strong>6.<\/strong> <strong>O trzech warstwach informacji w wypowiedziach j\u0119zykowych<\/strong><br \/>\n(<em>Andre W\u0142odarczyk<\/em>, 18-05-2017)<\/p>\n<p>\u2666\u00a0 <a href=\"http:\/\/stac.calculemus.org\/pdf\/Seminarium-2016-17\/W\u0142odarczyk-Abstrakt.pdf\" target=\"_blank\" rel=\"noopener noreferrer\">Abstrakt referatu<\/a><\/p>\n<p><strong>7.<\/strong> <strong>(Informatyczne) przedmioty wirtualne. Wst\u0119pne intuicje i pytania.<\/strong><br \/>\n(<em>Izabela Bondecka-Krzykowska, Bart\u0142omiej Skowron, Pawe\u0142 Stacewicz<\/em>, 20-06-2017)<\/p>\n<p>\u2666\u00a0 <a href=\"http:\/\/stac.calculemus.org\/pdf\/Seminarium-2016-17\/Wirtualna rzeczywisto\u015b\u0107.pdf\" target=\"_blank\" rel=\"noopener noreferrer\">O rzeczywisto\u015bci wirtualnej<\/a> (tekst I. Bondeckiej-Krzykowskiej)<br \/>\n\u2666\u00a0 <a href=\" https:\/\/www.youtube.com\/watch?v=smB3zDHrXeI&amp;t=496s\" target=\"_blank\" rel=\"noopener noreferrer\">Przedmioty wirtualne<\/a> (film z mini-wyk\u0142adem B. Skowrona)<\/p>\n<h2>ROK AKADEMICKI 2015\/16<\/h2>\n<p><strong>1.<\/strong>\u00a0 <strong>Cyfrowo\u015b\u0107 i analogowo\u015b\u0107.<br \/>\nWst\u0119pny zarys tematyki metodologiczno-filozoficznej.<\/strong><br \/>\n(<em>Pawe\u0142 Stacewicz, <\/em>22-10-2015)<\/p>\n<p>\u2666\u00a0\u00a0 <a href=\"http:\/\/stac.calculemus.org\/pdf\/Analogowo%C5%9B%C4%87_i_cyfrowo%C5%9B%C4%87_na_semin_22_10_15.pdf\">Slajdy do referatu<\/a><br \/>\n\u2666 \u00a0 <a href=\"http:\/\/marciszewski.eu\/?p=8365\" target=\"_blank\" rel=\"noopener\">Wpis uzupe\u0142niaj\u0105cy w blogu<\/a><\/p>\n<p><strong>2.\u00a0 Elektroniczne uk\u0142ady analogowe. Aspekty techniczne i filozoficzne.<\/strong><br \/>\n(<em>Jaros\u0142aw Soko\u0142owski, <\/em>26-11-2015)<\/p>\n<p>\u2666\u00a0\u00a0 Wybrane slajdy (ilustruj\u0105ce referat)<br \/>\n\u2666\u00a0\u00a0 <a href=\"http:\/\/stac.calculemus.org\/pdf\/Seminarium-2015-16\/Elektroniczne-uk\u0142ady-analogowe-seminarium-PW-Sokolowski-26-11-2015.pdf\" target=\"_blank\" rel=\"noopener\">Abstrakt wnikliwego s\u0142uchacza<\/a> (sporz\u0105dzony przez P. Stacewicza)<br \/>\n\u2666\u00a0\u00a0 <a href=\"http:\/\/hektor.umcs.lublin.pl\/~mpiekarz\/publikacje\/lafi04.doc\" target=\"_blank\" rel=\"noopener\">Lektura<\/a> (J. Mycka, M. Piekarz, <em>Przegl\u0105d zagadnie\u0144 obliczalno\u015bci analogowej<\/em>)<\/p>\n<p><strong>3.\u00a0 Filozoficzne k\u0142opoty z artefaktami.<\/strong><br \/>\n(<em>J\u00f3zef Lubacz, <\/em>28-01-2016)<\/p>\n<p>\u2666\u00a0\u00a0 <a href=\"http:\/\/stac.calculemus.org\/pdf\/Seminarium-2015-16\/Lubacz-streszczenie wyst\u0105pienia na sem.pdf\" target=\"_blank\" rel=\"noopener\">Streszczenie i literatura<\/a><\/p>\n<p><strong>4.\u00a0 O rozumieniu informacji w biologii wsp\u00f3\u0142czesnej.<\/strong><br \/>\n(<em>Rados\u0142aw Siedli\u0144ski, <\/em>luty 2016, referat wyjazdowy)<\/p>\n<p>\u2666\u00a0\u00a0 <a href=\"http:\/\/stac.calculemus.org\/pdf\/Seminarium-2015-16\/Siedli\u0144ski-O informacji w biologii - slajdy.pdf\" target=\"_blank\" rel=\"noopener\">Prezentacja<\/a><\/p>\n<p><strong>5.\u00a0 E-kultura w organizacjach wirtualnych.<\/strong><br \/>\n(<em>Helena Buli\u0144ska, <\/em>31-03-2016)<\/p>\n<p>\u2666\u00a0\u00a0 <a href=\"http:\/\/stac.calculemus.org\/pdf\/Seminarium-2015-16\/Bulinska-Ekultura-seminarium.pdf\" target=\"_blank\" rel=\"noopener\">Prezentacja<\/a><\/p>\n<p><strong>6.\u00a0 Filozofia topologiczna: Co? Kto? Dlaczego? I po co?<\/strong><br \/>\n(<em>Bart\u0142omiej Skowron, <\/em>5-05-2016)<\/p>\n<p>\u2666\u00a0\u00a0 <a href=\"http:\/\/stac.calculemus.org\/pdf\/Seminarium-2015-16\/Skowron-Filozofia-topologiczna.pdf\" target=\"_blank\" rel=\"noopener\">Prezentacja<\/a><\/p>\n<p><strong>7.\u00a0 Czy zbiory niesko\u0144czone istniej\u0105?<\/strong><br \/>\n[Po\u0142\u0105czona z seminarium debata w ramach Mi\u0119dzynarodowego Centrum Ontologii Formalnej]<br \/>\n(<em>Marek Ku\u015b, Krzysztof W\u00f3jtowicz, <\/em>21-06-2016)<\/p>\n<p>\u2666\u00a0\u00a0 <a href=\"http:\/\/marciszewski.eu\/?p=8626\" target=\"_blank\" rel=\"noopener\">Informacja o debacie w blogu, linki do dyskusji blogowych<\/a><\/p>\n","protected":false},"excerpt":{"rendered":"<p>ROK AKADEMICKI 2016\/17 1. Czym s\u0105 obliczenia naturalne? (Pawe\u0142 Stacewicz, 10-11-2016) \u2666\u00a0 Lektura (L. Kari, G. Rozenberg, The Many Facets of Natural Computing) \u2666\u00a0 Wpis i dyskusja w blogu 2. Zagadnienie (hiper)oblicze\u0144 biologicznych (Rados\u0142aw Siedli\u0144ski, 1-12-2016) \u2666\u00a0 Lektury (jak wy\u017cej) &hellip; <a href=\"https:\/\/marciszewski.eu\/?page_id=9189\">Czytaj dalej <span class=\"meta-nav\">&rarr;<\/span><\/a><\/p>\n","protected":false},"author":3,"featured_media":0,"parent":0,"menu_order":0,"comment_status":"closed","ping_status":"closed","template":"","meta":{"footnotes":""},"class_list":["post-9189","page","type-page","status-publish","hentry"],"_links":{"self":[{"href":"https:\/\/marciszewski.eu\/index.php?rest_route=\/wp\/v2\/pages\/9189","targetHints":{"allow":["GET"]}}],"collection":[{"href":"https:\/\/marciszewski.eu\/index.php?rest_route=\/wp\/v2\/pages"}],"about":[{"href":"https:\/\/marciszewski.eu\/index.php?rest_route=\/wp\/v2\/types\/page"}],"author":[{"embeddable":true,"href":"https:\/\/marciszewski.eu\/index.php?rest_route=\/wp\/v2\/users\/3"}],"replies":[{"embeddable":true,"href":"https:\/\/marciszewski.eu\/index.php?rest_route=%2Fwp%2Fv2%2Fcomments&post=9189"}],"version-history":[{"count":6,"href":"https:\/\/marciszewski.eu\/index.php?rest_route=\/wp\/v2\/pages\/9189\/revisions"}],"predecessor-version":[{"id":10997,"href":"https:\/\/marciszewski.eu\/index.php?rest_route=\/wp\/v2\/pages\/9189\/revisions\/10997"}],"wp:attachment":[{"href":"https:\/\/marciszewski.eu\/index.php?rest_route=%2Fwp%2Fv2%2Fmedia&parent=9189"}],"curies":[{"name":"wp","href":"https:\/\/api.w.org\/{rel}","templated":true}]}}