{"id":9410,"date":"2017-10-01T17:50:18","date_gmt":"2017-10-01T15:50:18","guid":{"rendered":"http:\/\/marciszewski.eu\/?page_id=9410"},"modified":"2022-02-23T08:09:32","modified_gmt":"2022-02-23T07:09:32","slug":"dydaktyka","status":"publish","type":"page","link":"https:\/\/marciszewski.eu\/?page_id=9410","title":{"rendered":"Dydaktyka"},"content":{"rendered":"<p style=\"text-align: justify;\"><span style=\"color: #800000;\"><strong><span style=\"font-size: x-large;\">Filozofia nauki &#8211; serwis dydaktyczny<br \/>\n<\/span><\/strong><\/span><br \/>\nNiniejszy serwis zawiera materia\u0142y dydaktyczne do r\u00f3\u017cnych przedmiot\u00f3w, kt\u00f3re s\u0105 prowadzone przez dr-a Paw\u0142a Stacewicza na r\u00f3\u017cnych wydzia\u0142ach Politechniki Warszawskiej.<br \/>\nTematyka tych przedmiot\u00f3w sytuuje si\u0119 na pograniczu filozofii i nauk \u015bcis\u0142ych, czemu odpowiada nazwa serwisu: <em>Filozofia nauki<\/em>.<\/p>\n<p>Zapraszamy do korzystania z odpowiednich zasob\u00f3w:<\/p>\n<p>\u2666 \u00a0 <a href=\"http:\/\/marciszewski.eu\/?page_id=11105\">FILOZOFIA INFORMACJI i TECHNIKI<\/a> (WEiTI)<\/p>\n<p>\u2666\u00a0\u00a0 <a href=\"http:\/\/marciszewski.eu\/?page_id=11166\">SZTUCZNA INTELIGENCJA<\/a> (WAiNS)<\/p>\n<p>\u2666 \u00a0 <a href=\"http:\/\/marciszewski.eu\/?page_id=10550\">SPO\u0141ECZE\u0143STWO INFORMACJI I WIEDZY<\/a> (WEiTI)<\/p>\n<p>\u2666\u00a0\u00a0 <a href=\"http:\/\/marciszewski.eu\/?page_id=8440\">LEKTORIUM WSP\u00d3LNE<\/a> (lektury do r\u00f3\u017cnych przedmiot\u00f3w)<\/p>\n<p>Kontakt e-mailowy z wyk\u0142adowc\u0105: <span style=\"color: #ff0000;\">p.stacewicz@ans.pw.edu.pl<\/span>.<\/p>\n","protected":false},"excerpt":{"rendered":"<p>Filozofia nauki &#8211; serwis dydaktyczny Niniejszy serwis zawiera materia\u0142y dydaktyczne do r\u00f3\u017cnych przedmiot\u00f3w, kt\u00f3re s\u0105 prowadzone przez dr-a Paw\u0142a Stacewicza na r\u00f3\u017cnych wydzia\u0142ach Politechniki Warszawskiej. Tematyka tych przedmiot\u00f3w sytuuje si\u0119 na pograniczu filozofii i nauk \u015bcis\u0142ych, czemu odpowiada nazwa serwisu: &hellip; <a href=\"https:\/\/marciszewski.eu\/?page_id=9410\">Czytaj dalej <span class=\"meta-nav\">&rarr;<\/span><\/a><\/p>\n","protected":false},"author":3,"featured_media":0,"parent":0,"menu_order":0,"comment_status":"closed","ping_status":"closed","template":"notitle-page.php","meta":{"footnotes":""},"class_list":["post-9410","page","type-page","status-publish","hentry"],"_links":{"self":[{"href":"https:\/\/marciszewski.eu\/index.php?rest_route=\/wp\/v2\/pages\/9410","targetHints":{"allow":["GET"]}}],"collection":[{"href":"https:\/\/marciszewski.eu\/index.php?rest_route=\/wp\/v2\/pages"}],"about":[{"href":"https:\/\/marciszewski.eu\/index.php?rest_route=\/wp\/v2\/types\/page"}],"author":[{"embeddable":true,"href":"https:\/\/marciszewski.eu\/index.php?rest_route=\/wp\/v2\/users\/3"}],"replies":[{"embeddable":true,"href":"https:\/\/marciszewski.eu\/index.php?rest_route=%2Fwp%2Fv2%2Fcomments&post=9410"}],"version-history":[{"count":24,"href":"https:\/\/marciszewski.eu\/index.php?rest_route=\/wp\/v2\/pages\/9410\/revisions"}],"predecessor-version":[{"id":10552,"href":"https:\/\/marciszewski.eu\/index.php?rest_route=\/wp\/v2\/pages\/9410\/revisions\/10552"}],"wp:attachment":[{"href":"https:\/\/marciszewski.eu\/index.php?rest_route=%2Fwp%2Fv2%2Fmedia&parent=9410"}],"curies":[{"name":"wp","href":"https:\/\/api.w.org\/{rel}","templated":true}]}}