{"id":9421,"date":"2017-10-05T09:03:01","date_gmt":"2017-10-05T07:03:01","guid":{"rendered":"http:\/\/marciszewski.eu\/?page_id=9421"},"modified":"2024-07-06T23:43:50","modified_gmt":"2024-07-06T21:43:50","slug":"konferencje","status":"publish","type":"page","link":"https:\/\/marciszewski.eu\/?page_id=9421","title":{"rendered":"Konferencje"},"content":{"rendered":"<p>Pocz\u0105wszy od roku 2015 wsp\u00f3\u0142organizujemy og\u00f3lnopolskie konferencje naukowe z cyklu <strong>Filozofia w informatyce<\/strong>.<br \/>\nOdbywaj\u0105 si\u0119 one cyklicznie w Warszawie (na Politechnice Warszawskiej), Krakowie (na Uniwersytecie im. Jana Paw\u0142a II) oraz Poznaniu (na Uniwersytecie im. Adama Mickiewicza).<\/p>\n<p>Zapraszamy do obejrzenia stron kolejnych edycji:<\/p>\n<p>\u2666\u00a0 <a href=\"http:\/\/calculemus.org\/fli\/\">Filozofia w logice i informatyce<\/a>\u00a0 (PW, 2015)<\/p>\n<p>\u2666\u00a0 <a href=\"http:\/\/calculemus.org\/fi2\/\">Filozofia w informatyce II<\/a>\u00a0\u00a0\u00a0 (UPJPII, 2016)<\/p>\n<p>\u2666\u00a0 <a href=\"http:\/\/calculemus.org\/fi3\/\">Filozofia w informatyce III<\/a> \u00a0 (UAM, 2017)<\/p>\n<p>\u2666\u00a0 <a href=\"http:\/\/calculemus.org\/fi4\/\">Filozofia w informatyce IV<\/a>\u00a0\u00a0 (PW, WAT, 2018)<\/p>\n<p>\u2666\u00a0 <a href=\"http:\/\/calculemus.org\/fi5\/\">Filozofia w informatyce V<\/a> \u00a0\u00a0 (UMCS, 2019)<\/p>\n<p>W spos\u00f3b szczeg\u00f3lny zapraszamy do aktywnego udzia\u0142u w <a href=\"http:\/\/calculemus.org\/fi5\/\">konferencji lubli\u0144skiej<\/a>, kt\u00f3ra odb\u0119dzie si\u0119 w dniach 22-23 listopada 2019.<\/p>\n","protected":false},"excerpt":{"rendered":"<p>Pocz\u0105wszy od roku 2015 wsp\u00f3\u0142organizujemy og\u00f3lnopolskie konferencje naukowe z cyklu Filozofia w informatyce. Odbywaj\u0105 si\u0119 one cyklicznie w Warszawie (na Politechnice Warszawskiej), Krakowie (na Uniwersytecie im. Jana Paw\u0142a II) oraz Poznaniu (na Uniwersytecie im. Adama Mickiewicza). Zapraszamy do obejrzenia stron &hellip; <a href=\"https:\/\/marciszewski.eu\/?page_id=9421\">Czytaj dalej <span class=\"meta-nav\">&rarr;<\/span><\/a><\/p>\n","protected":false},"author":3,"featured_media":0,"parent":0,"menu_order":0,"comment_status":"closed","ping_status":"closed","template":"","meta":{"footnotes":""},"class_list":["post-9421","page","type-page","status-publish","hentry"],"_links":{"self":[{"href":"https:\/\/marciszewski.eu\/index.php?rest_route=\/wp\/v2\/pages\/9421","targetHints":{"allow":["GET"]}}],"collection":[{"href":"https:\/\/marciszewski.eu\/index.php?rest_route=\/wp\/v2\/pages"}],"about":[{"href":"https:\/\/marciszewski.eu\/index.php?rest_route=\/wp\/v2\/types\/page"}],"author":[{"embeddable":true,"href":"https:\/\/marciszewski.eu\/index.php?rest_route=\/wp\/v2\/users\/3"}],"replies":[{"embeddable":true,"href":"https:\/\/marciszewski.eu\/index.php?rest_route=%2Fwp%2Fv2%2Fcomments&post=9421"}],"version-history":[{"count":12,"href":"https:\/\/marciszewski.eu\/index.php?rest_route=\/wp\/v2\/pages\/9421\/revisions"}],"predecessor-version":[{"id":12832,"href":"https:\/\/marciszewski.eu\/index.php?rest_route=\/wp\/v2\/pages\/9421\/revisions\/12832"}],"wp:attachment":[{"href":"https:\/\/marciszewski.eu\/index.php?rest_route=%2Fwp%2Fv2%2Fmedia&parent=9421"}],"curies":[{"name":"wp","href":"https:\/\/api.w.org\/{rel}","templated":true}]}}